{"id":231,"date":"2020-10-03T17:14:03","date_gmt":"2020-10-03T17:14:03","guid":{"rendered":"https:\/\/avadawebsites.wpengine.com\/psychology\/?page_id=231"},"modified":"2026-04-18T18:33:24","modified_gmt":"2026-04-18T16:33:24","slug":"about","status":"publish","type":"page","link":"https:\/\/pole-de-soins-sirey.fr\/index.php\/about\/","title":{"rendered":"Le p\u00f4le de soins"},"content":{"rendered":"<p><div class=\"fusion-fullwidth fullwidth-box fusion-builder-row-1 fusion-flex-container nonhundred-percent-fullwidth non-hundred-percent-height-scrolling fusion-animated\" style=\"--awb-border-radius-top-left:0px;--awb-border-radius-top-right:0px;--awb-border-radius-bottom-right:0px;--awb-border-radius-bottom-left:0px;--awb-padding-top:2vw;--awb-padding-bottom:2vw;--awb-padding-top-small:0px;--awb-padding-right-small:12vw;--awb-padding-bottom-small:12vw;--awb-padding-left-small:12vw;--awb-flex-wrap:wrap;\" data-animationType=\"fadeInUp\" data-animationDuration=\"1.2\" data-animationOffset=\"top-into-view\" ><div class=\"fusion-builder-row fusion-row fusion-flex-align-items-flex-start fusion-flex-content-wrap\" style=\"max-width:1365px;margin-left: calc(-5% \/ 2 );margin-right: calc(-5% \/ 2 );\"><div class=\"fusion-layout-column fusion_builder_column fusion-builder-column-0 fusion_builder_column_1_5 1_5 fusion-flex-column\" style=\"--awb-bg-blend:overlay;--awb-bg-size:cover;--awb-width-large:20%;--awb-margin-top-large:0px;--awb-spacing-right-large:9.5%;--awb-margin-bottom-large:0px;--awb-spacing-left-large:11.875%;--awb-width-medium:20%;--awb-spacing-right-medium:9.5%;--awb-spacing-left-medium:11.875%;--awb-width-small:100%;--awb-spacing-right-small:2.375%;--awb-spacing-left-small:2.375%;\"><div class=\"fusion-column-wrapper fusion-flex-justify-content-flex-start fusion-content-layout-column\"><div class=\"fusion-title title fusion-title-1 fusion-sep-none fusion-title-text fusion-title-size-two\" style=\"--awb-margin-top-small:10px;--awb-margin-right-small:0px;--awb-margin-bottom-small:10px;--awb-margin-left-small:0px;--awb-font-size:40px;\"><h2 class=\"fusion-title-heading title-heading-left\" style=\"margin:0;font-size:1em;line-height:1.3em;\">Sant\u00e9 mentale et bien-\u00eatre<\/h2><\/div><\/div><\/div><div class=\"fusion-layout-column fusion_builder_column fusion-builder-column-1 fusion_builder_column_2_5 2_5 fusion-flex-column\" style=\"--awb-padding-top:10px;--awb-bg-blend:overlay;--awb-bg-size:cover;--awb-width-large:40%;--awb-margin-top-large:0px;--awb-spacing-right-large:4.75%;--awb-margin-bottom-large:0px;--awb-spacing-left-large:4.75%;--awb-width-medium:40%;--awb-spacing-right-medium:4.75%;--awb-spacing-left-medium:4.75%;--awb-width-small:100%;--awb-spacing-right-small:2.375%;--awb-spacing-left-small:2.375%;\"><div class=\"fusion-column-wrapper fusion-flex-justify-content-flex-start fusion-content-layout-column\"><div class=\"fusion-text fusion-text-1\"><p>Au sein de notre p\u00f4le de soins pluridisciplinaire, retrouvez des professionnels aux expertises compl\u00e9mentaires et travaillant ensemble pour vous accompagner dans une approche globale, bienveillante et personnalis\u00e9e.<\/p>\n<p>Notre projet autour du soin psychologique et du bien-\u00eatre concerne les patients comme les professionnels du r\u00e9seau. En effet, nous proposons r\u00e9guli\u00e8rement des rencontres avec les professionnels du soin de P\u00e9rigueux afin d&rsquo;\u00e9changer sur nos pratiques et d&rsquo;organiser une collaboration efficace concernant les prises en soin.  <\/p>\n<\/div><\/div><\/div><div class=\"fusion-layout-column fusion_builder_column fusion-builder-column-2 fusion_builder_column_2_5 2_5 fusion-flex-column\" style=\"--awb-padding-top:10px;--awb-bg-blend:overlay;--awb-bg-size:cover;--awb-width-large:40%;--awb-margin-top-large:0px;--awb-spacing-right-large:5.9375%;--awb-margin-bottom-large:0px;--awb-spacing-left-large:4.75%;--awb-width-medium:40%;--awb-spacing-right-medium:5.9375%;--awb-spacing-left-medium:4.75%;--awb-width-small:100%;--awb-spacing-right-small:2.375%;--awb-spacing-left-small:2.375%;\"><div class=\"fusion-column-wrapper fusion-flex-justify-content-flex-start fusion-content-layout-column\"><div class=\"fusion-text fusion-text-2\"><p>Nous vous accueillons au centre de P\u00e9rigueux, dans un espace pens\u00e9 pour vous, dans un cadre chaleureux et s\u00e9curis\u00e9.<\/p>\n<\/div><\/div><\/div><\/div><\/div><div class=\"fusion-fullwidth fullwidth-box fusion-builder-row-2 fusion-flex-container has-pattern-background has-mask-background nonhundred-percent-fullwidth non-hundred-percent-height-scrolling\" style=\"--awb-border-radius-top-left:0px;--awb-border-radius-top-right:0px;--awb-border-radius-bottom-right:0px;--awb-border-radius-bottom-left:0px;--awb-padding-right:22px;--awb-flex-wrap:wrap;\" ><div class=\"fusion-builder-row fusion-row fusion-flex-align-items-center fusion-flex-justify-content-center fusion-flex-content-wrap\" style=\"max-width:1365px;margin-left: calc(-5% \/ 2 );margin-right: calc(-5% \/ 2 );\"><div class=\"fusion-layout-column fusion_builder_column fusion-builder-column-3 fusion_builder_column_1_1 1_1 fusion-flex-column fusion-flex-align-self-flex-start\" style=\"--awb-padding-right:20px;--awb-padding-left:20px;--awb-bg-image:linear-gradient(180deg, var(--awb-color5) 0%,rgba(255,255,255,0) 100%);--awb-bg-size:cover;--awb-width-large:100%;--awb-margin-top-large:0px;--awb-spacing-right-large:2.375%;--awb-margin-bottom-large:20px;--awb-spacing-left-large:2.375%;--awb-width-medium:100%;--awb-order-medium:0;--awb-spacing-right-medium:2.375%;--awb-spacing-left-medium:2.375%;--awb-width-small:100%;--awb-order-small:0;--awb-spacing-right-small:2.375%;--awb-spacing-left-small:2.375%;\"><div class=\"fusion-column-wrapper fusion-column-has-shadow fusion-flex-justify-content-flex-start fusion-content-layout-column\"><div class=\"fusion-text fusion-text-3\"><h1 style=\"text-align: center; font-size: 40px;\" data-fusion-font=\"true\">Prochains \u00e9v\u00e8nements<\/h1>\n<\/div><div class=\"fusion-events-shortcode fusion-events-shortcode-1\" style=\"margin-left: -25px;margin-right: -25px;\"><div class=\"fusion-events-wrapper\" data-pages=\"2\"><div class=\"fusion-events-post fusion-spacing-no fusion-one-third fusion-layout-column\" style=\"padding:25px\"><div class=\"fusion-column-wrapper\"><div class=\"fusion-events-thumbnail hover-type-none\"><a href=\"https:\/\/pole-de-soins-sirey.fr\/index.php\/event\/reunions-de-reseau-psychologues\/\" class=\"url\" rel=\"bookmark\" aria-label=\"R\u00e9unions de r\u00e9seau des psychologues\"><span class=\"tribe-events-event-image\" style=\"background-image: url(https:\/\/pole-de-soins-sirey.fr\/wp-content\/uploads\/2026\/04\/image-reunion-2.jpg); -webkit-background-size: cover; background-size: cover; background-position: center center;\"><\/span><\/a><\/div><div class=\"fusion-events-content-wrapper\" style=\"padding:20px 20px 20px 20px;\"><div class=\"fusion-events-meta\"><h2><a href=\"https:\/\/pole-de-soins-sirey.fr\/index.php\/event\/reunions-de-reseau-psychologues\/\" class=\"url\" rel=\"bookmark\">R\u00e9unions de r\u00e9seau des psychologues<\/a><\/h2><h4><span class=\"tribe-event-date-start\">avril 30 @ 18h00<\/span> - <span class=\"tribe-event-time\">21h00<\/span><\/h4><\/div><\/div><\/div><\/div><div class=\"fusion-events-post fusion-spacing-no fusion-one-third fusion-layout-column\" style=\"padding:25px\"><div class=\"fusion-column-wrapper\"><div class=\"fusion-events-thumbnail hover-type-none\"><a href=\"https:\/\/pole-de-soins-sirey.fr\/index.php\/event\/reunion-des-membres-du-cabinet\/\" class=\"url\" rel=\"bookmark\" aria-label=\"R\u00e9union des membres du cabinet\"><span class=\"tribe-events-event-image\" style=\"background-image: url(https:\/\/pole-de-soins-sirey.fr\/wp-content\/uploads\/2026\/04\/image-reunion.webp); -webkit-background-size: cover; background-size: cover; background-position: center center;\"><\/span><\/a><\/div><div class=\"fusion-events-content-wrapper\" style=\"padding:20px 20px 20px 20px;\"><div class=\"fusion-events-meta\"><h2><a href=\"https:\/\/pole-de-soins-sirey.fr\/index.php\/event\/reunion-des-membres-du-cabinet\/\" class=\"url\" rel=\"bookmark\">R\u00e9union des membres du cabinet<\/a><\/h2><h4><span class=\"tribe-event-date-start\">mai 7 @ 18h00<\/span> - <span class=\"tribe-event-time\">20h00<\/span><\/h4><\/div><\/div><\/div><\/div><div class=\"fusion-events-post fusion-spacing-no fusion-one-third fusion-layout-column fusion-column-last\" style=\"padding:25px\"><div class=\"fusion-column-wrapper\"><div class=\"fusion-events-thumbnail hover-type-none\"><a href=\"https:\/\/pole-de-soins-sirey.fr\/index.php\/event\/reunion-des-membres-du-cabinet-2\/\" class=\"url\" rel=\"bookmark\" aria-label=\"R\u00e9union des membres du cabinet\"><span class=\"tribe-events-event-image\" style=\"background-image: url(https:\/\/pole-de-soins-sirey.fr\/wp-content\/uploads\/2026\/04\/image-reunion.webp); -webkit-background-size: cover; background-size: cover; background-position: center center;\"><\/span><\/a><\/div><div class=\"fusion-events-content-wrapper\" style=\"padding:20px 20px 20px 20px;\"><div class=\"fusion-events-meta\"><h2><a href=\"https:\/\/pole-de-soins-sirey.fr\/index.php\/event\/reunion-des-membres-du-cabinet-2\/\" class=\"url\" rel=\"bookmark\">R\u00e9union des membres du cabinet<\/a><\/h2><h4><span class=\"tribe-event-date-start\">mai 29 @ 18h00<\/span> - <span class=\"tribe-event-time\">20h00<\/span><\/h4><\/div><\/div><\/div><\/div><div class=\"fusion-clearfix\"><\/div><div class=\"fusion-events-post fusion-spacing-no fusion-one-third fusion-layout-column\" style=\"padding:25px\"><div class=\"fusion-column-wrapper\"><div class=\"fusion-events-thumbnail hover-type-none\"><a href=\"https:\/\/pole-de-soins-sirey.fr\/index.php\/event\/reunion-de-reseau-psychologues\/\" class=\"url\" rel=\"bookmark\" aria-label=\"R\u00e9union de r\u00e9seau psychologues\"><span class=\"tribe-events-event-image\" style=\"background-image: url(https:\/\/pole-de-soins-sirey.fr\/wp-content\/uploads\/2026\/04\/image-reunion-2.jpg); -webkit-background-size: cover; background-size: cover; background-position: center center;\"><\/span><\/a><\/div><div class=\"fusion-events-content-wrapper\" style=\"padding:20px 20px 20px 20px;\"><div class=\"fusion-events-meta\"><h2><a href=\"https:\/\/pole-de-soins-sirey.fr\/index.php\/event\/reunion-de-reseau-psychologues\/\" class=\"url\" rel=\"bookmark\">R\u00e9union de r\u00e9seau psychologues<\/a><\/h2><h4><span class=\"tribe-event-date-start\">juin 11 @ 18h00<\/span> - <span class=\"tribe-event-time\">21h00<\/span><\/h4><\/div><\/div><\/div><\/div><div class=\"fusion-events-post fusion-spacing-no fusion-one-third fusion-layout-column\" style=\"padding:25px\"><div class=\"fusion-column-wrapper\"><div class=\"fusion-events-thumbnail hover-type-none\"><a href=\"https:\/\/pole-de-soins-sirey.fr\/index.php\/event\/reunion-des-membres-du-cabinet-3\/\" class=\"url\" rel=\"bookmark\" aria-label=\"R\u00e9union des membres du cabinet\"><span class=\"tribe-events-event-image\" style=\"background-image: url(https:\/\/pole-de-soins-sirey.fr\/wp-content\/uploads\/2026\/04\/image-reunion.webp); -webkit-background-size: cover; background-size: cover; background-position: center center;\"><\/span><\/a><\/div><div class=\"fusion-events-content-wrapper\" style=\"padding:20px 20px 20px 20px;\"><div class=\"fusion-events-meta\"><h2><a href=\"https:\/\/pole-de-soins-sirey.fr\/index.php\/event\/reunion-des-membres-du-cabinet-3\/\" class=\"url\" rel=\"bookmark\">R\u00e9union des membres du cabinet<\/a><\/h2><h4><span class=\"tribe-event-date-start\">juin 25 @ 18h00<\/span> - <span class=\"tribe-event-time\">20h00<\/span><\/h4><\/div><\/div><\/div><\/div><div class=\"fusion-events-post fusion-spacing-no fusion-one-third fusion-layout-column fusion-column-last\" style=\"padding:25px\"><div class=\"fusion-column-wrapper\"><div class=\"fusion-events-thumbnail hover-type-none\"><a href=\"https:\/\/pole-de-soins-sirey.fr\/index.php\/event\/reunion-de-reseau-psychologues-2\/\" class=\"url\" rel=\"bookmark\" aria-label=\"R\u00e9union de r\u00e9seau psychologues\"><span class=\"tribe-events-event-image\" style=\"background-image: url(https:\/\/pole-de-soins-sirey.fr\/wp-content\/uploads\/2026\/04\/image-reunion-2.jpg); -webkit-background-size: cover; background-size: cover; background-position: center center;\"><\/span><\/a><\/div><div class=\"fusion-events-content-wrapper\" style=\"padding:20px 20px 20px 20px;\"><div class=\"fusion-events-meta\"><h2><a href=\"https:\/\/pole-de-soins-sirey.fr\/index.php\/event\/reunion-de-reseau-psychologues-2\/\" class=\"url\" rel=\"bookmark\">R\u00e9union de r\u00e9seau psychologues<\/a><\/h2><h4><span class=\"tribe-event-date-start\">juillet 10 @ 18h00<\/span> - <span class=\"tribe-event-time\">21h00<\/span><\/h4><\/div><\/div><\/div><\/div><div class=\"fusion-clearfix\"><\/div><div class=\"fusion-events-post fusion-spacing-no fusion-one-third fusion-layout-column\" style=\"padding:25px\"><div class=\"fusion-column-wrapper\"><div class=\"fusion-events-thumbnail hover-type-none\"><a href=\"https:\/\/pole-de-soins-sirey.fr\/index.php\/event\/reunion-des-membres-du-cabinet-4\/\" class=\"url\" rel=\"bookmark\" aria-label=\"R\u00e9union des membres du cabinet\"><span class=\"tribe-events-event-image\" style=\"background-image: url(https:\/\/pole-de-soins-sirey.fr\/wp-content\/uploads\/2026\/04\/image-reunion.webp); -webkit-background-size: cover; background-size: cover; background-position: center center;\"><\/span><\/a><\/div><div class=\"fusion-events-content-wrapper\" style=\"padding:20px 20px 20px 20px;\"><div class=\"fusion-events-meta\"><h2><a href=\"https:\/\/pole-de-soins-sirey.fr\/index.php\/event\/reunion-des-membres-du-cabinet-4\/\" class=\"url\" rel=\"bookmark\">R\u00e9union des membres du cabinet<\/a><\/h2><h4><span class=\"tribe-event-date-start\">septembre 10 @ 18h00<\/span> - <span class=\"tribe-event-time\">20h00<\/span><\/h4><\/div><\/div><\/div><\/div><div class=\"fusion-events-post fusion-spacing-no fusion-one-third fusion-layout-column\" style=\"padding:25px\"><div class=\"fusion-column-wrapper\"><div class=\"fusion-events-thumbnail hover-type-none\"><a href=\"https:\/\/pole-de-soins-sirey.fr\/index.php\/event\/reunion-de-reseau-psychologues-3\/\" class=\"url\" rel=\"bookmark\" aria-label=\"R\u00e9union de r\u00e9seau psychologues\"><span class=\"tribe-events-event-image\" style=\"background-image: url(https:\/\/pole-de-soins-sirey.fr\/wp-content\/uploads\/2026\/04\/image-reunion-2.jpg); -webkit-background-size: cover; background-size: cover; background-position: center center;\"><\/span><\/a><\/div><div class=\"fusion-events-content-wrapper\" style=\"padding:20px 20px 20px 20px;\"><div class=\"fusion-events-meta\"><h2><a href=\"https:\/\/pole-de-soins-sirey.fr\/index.php\/event\/reunion-de-reseau-psychologues-3\/\" class=\"url\" rel=\"bookmark\">R\u00e9union de r\u00e9seau psychologues<\/a><\/h2><h4><span class=\"tribe-event-date-start\">septembre 17 @ 18h00<\/span> - <span class=\"tribe-event-time\">21h00<\/span><\/h4><\/div><\/div><\/div><\/div><div class=\"fusion-events-post fusion-spacing-no fusion-one-third fusion-layout-column fusion-column-last\" style=\"padding:25px\"><div class=\"fusion-column-wrapper\"><div class=\"fusion-events-thumbnail hover-type-none\"><a href=\"https:\/\/pole-de-soins-sirey.fr\/index.php\/event\/reunion-des-membres-du-cabinet-5\/\" class=\"url\" rel=\"bookmark\" aria-label=\"R\u00e9union des membres du cabinet\"><span class=\"tribe-events-event-image\" style=\"background-image: url(https:\/\/pole-de-soins-sirey.fr\/wp-content\/uploads\/2026\/04\/image-reunion.webp); -webkit-background-size: cover; background-size: cover; background-position: center center;\"><\/span><\/a><\/div><div class=\"fusion-events-content-wrapper\" style=\"padding:20px 20px 20px 20px;\"><div class=\"fusion-events-meta\"><h2><a href=\"https:\/\/pole-de-soins-sirey.fr\/index.php\/event\/reunion-des-membres-du-cabinet-5\/\" class=\"url\" rel=\"bookmark\">R\u00e9union des membres du cabinet<\/a><\/h2><h4><span class=\"tribe-event-date-start\">octobre 15 @ 18h00<\/span> - <span class=\"tribe-event-time\">20h00<\/span><\/h4><\/div><\/div><\/div><\/div><div class=\"fusion-clearfix\"><\/div><div class=\"fusion-events-post fusion-spacing-no fusion-one-third fusion-layout-column\" style=\"padding:25px\"><div class=\"fusion-column-wrapper\"><div class=\"fusion-events-thumbnail hover-type-none\"><a href=\"https:\/\/pole-de-soins-sirey.fr\/index.php\/event\/reunion-de-reseau-psychologues-4\/\" class=\"url\" rel=\"bookmark\" aria-label=\"R\u00e9union de r\u00e9seau psychologues\"><span class=\"tribe-events-event-image\" style=\"background-image: url(https:\/\/pole-de-soins-sirey.fr\/wp-content\/uploads\/2026\/04\/image-reunion-2.jpg); -webkit-background-size: cover; background-size: cover; background-position: center center;\"><\/span><\/a><\/div><div class=\"fusion-events-content-wrapper\" style=\"padding:20px 20px 20px 20px;\"><div class=\"fusion-events-meta\"><h2><a href=\"https:\/\/pole-de-soins-sirey.fr\/index.php\/event\/reunion-de-reseau-psychologues-4\/\" class=\"url\" rel=\"bookmark\">R\u00e9union de r\u00e9seau psychologues<\/a><\/h2><h4><span class=\"tribe-event-date-start\">novembre 5 @ 18h00<\/span> - <span class=\"tribe-event-time\">21h00<\/span><\/h4><\/div><\/div><\/div><\/div><div class=\"fusion-clearfix\"><\/div><\/div><\/div><\/div><\/div><\/div><\/div><div class=\"fusion-fullwidth fullwidth-box fusion-builder-row-3 fusion-flex-container fusion-parallax-fixed nonhundred-percent-fullwidth non-hundred-percent-height-scrolling lazyload\" style=\"--awb-background-position:center top;--awb-border-radius-top-left:0px;--awb-border-radius-top-right:0px;--awb-border-radius-bottom-right:0px;--awb-border-radius-bottom-left:0px;--awb-padding-top:8vw;--awb-padding-bottom:8vw;--awb-padding-top-small:12vw;--awb-padding-bottom-small:12vw;--awb-margin-bottom:0px;--awb-background-image:linear-gradient(90deg, hsla(var(--awb-color5-h),var(--awb-color5-s),calc(var(--awb-color5-l) - 20%),calc(var(--awb-color5-a) - 70%)) 0%,rgba(255,255,255,0) 78%);;--awb-background-size:cover;--awb-flex-wrap:wrap;background-attachment:fixed;\" data-bg=\"http:\/\/pole-de-soins-sirey.fr\/wp-content\/uploads\/2020\/10\/banner-10.jpg\" data-bg-gradient=\"linear-gradient(90deg, hsla(var(--awb-color5-h),var(--awb-color5-s),calc(var(--awb-color5-l) - 20%),calc(var(--awb-color5-a) - 70%)) 0%,rgba(255,255,255,0) 78%)\" ><div class=\"fusion-builder-row fusion-row fusion-flex-align-items-center fusion-flex-content-wrap\" style=\"max-width:1365px;margin-left: calc(-5% \/ 2 );margin-right: calc(-5% \/ 2 );\"><div class=\"fusion-layout-column fusion_builder_column fusion-builder-column-4 fusion_builder_column_2_3 2_3 fusion-flex-column fusion-animated\" style=\"--awb-bg-size:cover;--awb-width-large:66.666666666667%;--awb-margin-top-large:0px;--awb-spacing-right-large:3.5625%;--awb-margin-bottom-large:0px;--awb-spacing-left-large:3.5625%;--awb-width-medium:66.666666666667%;--awb-spacing-right-medium:3.5625%;--awb-spacing-left-medium:3.5625%;--awb-width-small:100%;--awb-spacing-right-small:2.375%;--awb-spacing-left-small:2.375%;\" data-animationType=\"fadeInLeft\" data-animationDuration=\"1.0\" data-animationOffset=\"top-into-view\"><div class=\"fusion-column-wrapper fusion-column-has-shadow fusion-flex-justify-content-center fusion-content-layout-column\"><div class=\"fusion-title title fusion-title-2 fusion-sep-none fusion-title-text fusion-title-size-one\" style=\"--awb-text-color:var(--awb-color1);--awb-margin-bottom:1.5vw;--awb-margin-top-small:10px;--awb-margin-right-small:0px;--awb-margin-bottom-small:40px;--awb-margin-left-small:0px;--awb-font-size:2em;\"><h1 class=\"fusion-title-heading title-heading-left\" style=\"margin:0;font-size:1em;line-height:1.2;\">\u201cL&rsquo;Homme n&rsquo;est pas fait pour construire des murs, mais pour construire des ponts\u201d<\/h1><\/div><div class=\"fusion-text fusion-text-4\" style=\"--awb-font-size:21px;--awb-text-color:var(--awb-color1);\"><p style=\"width: 75%;\">Lao Tseu<\/p>\n<p style=\"width: 75%;\">\n<\/div><div ><a class=\"fusion-button button-flat button-xlarge button-default fusion-button-default button-1 fusion-button-default-span fusion-button-default-type\" style=\"--button_margin-top:2vw;\" target=\"_self\" href=\"https:\/\/pole-de-soins-sirey.fr\/index.php\/staff\/\"><span class=\"fusion-button-text awb-button__text awb-button__text--default\">Nos professionnels<\/span><\/a><\/div><\/div><\/div><\/div><\/div><\/p>\n","protected":false},"excerpt":{"rendered":"","protected":false},"author":2,"featured_media":865,"parent":0,"menu_order":0,"comment_status":"closed","ping_status":"closed","template":"100-width.php","meta":{"content-type":"","footnotes":""},"class_list":["post-231","page","type-page","status-publish","has-post-thumbnail","hentry","cat_reunions"],"_links":{"self":[{"href":"https:\/\/pole-de-soins-sirey.fr\/index.php\/wp-json\/wp\/v2\/pages\/231","targetHints":{"allow":["GET"]}}],"collection":[{"href":"https:\/\/pole-de-soins-sirey.fr\/index.php\/wp-json\/wp\/v2\/pages"}],"about":[{"href":"https:\/\/pole-de-soins-sirey.fr\/index.php\/wp-json\/wp\/v2\/types\/page"}],"author":[{"embeddable":true,"href":"https:\/\/pole-de-soins-sirey.fr\/index.php\/wp-json\/wp\/v2\/users\/2"}],"replies":[{"embeddable":true,"href":"https:\/\/pole-de-soins-sirey.fr\/index.php\/wp-json\/wp\/v2\/comments?post=231"}],"version-history":[{"count":38,"href":"https:\/\/pole-de-soins-sirey.fr\/index.php\/wp-json\/wp\/v2\/pages\/231\/revisions"}],"predecessor-version":[{"id":2527,"href":"https:\/\/pole-de-soins-sirey.fr\/index.php\/wp-json\/wp\/v2\/pages\/231\/revisions\/2527"}],"wp:featuredmedia":[{"embeddable":true,"href":"https:\/\/pole-de-soins-sirey.fr\/index.php\/wp-json\/wp\/v2\/media\/865"}],"wp:attachment":[{"href":"https:\/\/pole-de-soins-sirey.fr\/index.php\/wp-json\/wp\/v2\/media?parent=231"}],"curies":[{"name":"wp","href":"https:\/\/api.w.org\/{rel}","templated":true}]}}